{"id":7631,"date":"2024-02-06T18:36:08","date_gmt":"2024-02-06T17:36:08","guid":{"rendered":"https:\/\/amicalecd47.fr\/?page_id=7631"},"modified":"2025-07-23T09:08:19","modified_gmt":"2025-07-23T07:08:19","slug":"les-permanences-2","status":"publish","type":"page","link":"https:\/\/amicalecd47.fr\/index.php\/les-permanences-2\/","title":{"rendered":"Contacter l&#8217;amicale"},"content":{"rendered":"\t\t<div data-elementor-type=\"wp-page\" data-elementor-id=\"7631\" class=\"elementor elementor-7631\" data-elementor-post-type=\"page\">\n\t\t\t\t\t\t<section class=\"elementor-section elementor-top-section elementor-element elementor-element-aa01689 elementor-section-boxed elementor-section-height-default elementor-section-height-default\" data-id=\"aa01689\" data-element_type=\"section\" data-e-type=\"section\">\n\t\t\t\t\t\t<div class=\"elementor-container elementor-column-gap-default\">\n\t\t\t\t\t<div class=\"elementor-column elementor-col-100 elementor-top-column elementor-element elementor-element-e263a14\" data-id=\"e263a14\" data-element_type=\"column\" data-e-type=\"column\">\n\t\t\t<div class=\"elementor-widget-wrap elementor-element-populated\">\n\t\t\t\t\t\t<div class=\"elementor-element elementor-element-85a9471 elementor-widget elementor-widget-heading\" data-id=\"85a9471\" data-element_type=\"widget\" data-e-type=\"widget\" data-widget_type=\"heading.default\">\n\t\t\t\t<div class=\"elementor-widget-container\">\n\t\t\t\t\t<h1 class=\"elementor-heading-title elementor-size-large\">Contacter l'amicale<\/h1>\t\t\t\t<\/div>\n\t\t\t\t<\/div>\n\t\t\t\t\t<\/div>\n\t\t<\/div>\n\t\t\t\t\t<\/div>\n\t\t<\/section>\n\t\t\t\t<section class=\"elementor-section elementor-top-section elementor-element elementor-element-b7cd01f elementor-section-boxed elementor-section-height-default elementor-section-height-default\" data-id=\"b7cd01f\" data-element_type=\"section\" data-e-type=\"section\">\n\t\t\t\t\t\t<div class=\"elementor-container elementor-column-gap-default\">\n\t\t\t\t\t<div class=\"elementor-column elementor-col-50 elementor-top-column elementor-element elementor-element-1a30ca4\" data-id=\"1a30ca4\" data-element_type=\"column\" data-e-type=\"column\">\n\t\t\t<div class=\"elementor-widget-wrap elementor-element-populated\">\n\t\t\t\t\t\t<div class=\"elementor-element elementor-element-aa9c012 elementor-widget__width-initial elementor-widget elementor-widget-text-editor\" data-id=\"aa9c012\" data-element_type=\"widget\" data-e-type=\"widget\" data-widget_type=\"text-editor.default\">\n\t\t\t\t<div class=\"elementor-widget-container\">\n\t\t\t\t\t\t\t\t\t<p><strong>Besoin d&#8217;informations?<\/strong><\/p><p><strong>Contactez \u00e0 tout moment l&#8217;Amicale par mail<\/strong> : <strong><a id=\"anonymous_element_1\" href=\"mailto:amacd47@lotetgaronne.fr\">amacd47@lotetgaronne.fr<\/a><\/strong><\/p><p><strong>ou ponctuellement par t\u00e9l\u00e9phone au \u00a0<\/strong><strong>05 53 69 43 00 (4300) lors des permanences.<\/strong><\/p>\t\t\t\t\t\t\t\t<\/div>\n\t\t\t\t<\/div>\n\t\t\t\t<div class=\"elementor-element elementor-element-da4c920 elementor-widget elementor-widget-spacer\" data-id=\"da4c920\" data-element_type=\"widget\" data-e-type=\"widget\" data-widget_type=\"spacer.default\">\n\t\t\t\t<div class=\"elementor-widget-container\">\n\t\t\t\t\t\t\t<div class=\"elementor-spacer\">\n\t\t\t<div class=\"elementor-spacer-inner\"><\/div>\n\t\t<\/div>\n\t\t\t\t\t\t<\/div>\n\t\t\t\t<\/div>\n\t\t\t\t\t<\/div>\n\t\t<\/div>\n\t\t\t\t<div class=\"elementor-column elementor-col-50 elementor-top-column elementor-element elementor-element-8c112b8\" data-id=\"8c112b8\" data-element_type=\"column\" data-e-type=\"column\">\n\t\t\t<div class=\"elementor-widget-wrap elementor-element-populated\">\n\t\t\t\t\t\t<div class=\"elementor-element elementor-element-2e92317 elementor-widget__width-initial elementor-invisible elementor-widget elementor-widget-google_maps\" data-id=\"2e92317\" data-element_type=\"widget\" data-e-type=\"widget\" data-settings=\"{&quot;_animation&quot;:&quot;fadeIn&quot;}\" data-widget_type=\"google_maps.default\">\n\t\t\t\t<div class=\"elementor-widget-container\">\n\t\t\t\t\t\t\t<div class=\"elementor-custom-embed\">\n\t\t\t<iframe loading=\"lazy\"\n\t\t\t\t\tsrc=\"https:\/\/maps.google.com\/maps?q=H%C3%B4tel%20du%20D%C3%A9partement%20Agen&#038;t=m&#038;z=12&#038;output=embed&#038;iwloc=near\"\n\t\t\t\t\ttitle=\"H\u00f4tel du D\u00e9partement Agen\"\n\t\t\t\t\taria-label=\"H\u00f4tel du D\u00e9partement Agen\"\n\t\t\t><\/iframe>\n\t\t<\/div>\n\t\t\t\t\t\t<\/div>\n\t\t\t\t<\/div>\n\t\t\t\t\t<\/div>\n\t\t<\/div>\n\t\t\t\t\t<\/div>\n\t\t<\/section>\n\t\t\t\t<\/div>\n\t\t","protected":false},"excerpt":{"rendered":"<p>Contacter l&#8217;amicale Besoin d&#8217;informations? Contactez \u00e0 tout moment l&#8217;Amicale par mail : amacd47@lotetgaronne.fr ou ponctuellement par t\u00e9l\u00e9phone au \u00a005 53 69 43 00 (4300) lors des permanences.<\/p>\n","protected":false},"author":1,"featured_media":7117,"parent":0,"menu_order":0,"comment_status":"closed","ping_status":"closed","template":"","meta":{"footnotes":""},"class_list":["post-7631","page","type-page","status-publish","has-post-thumbnail","hentry"],"_links":{"self":[{"href":"https:\/\/amicalecd47.fr\/index.php\/wp-json\/wp\/v2\/pages\/7631","targetHints":{"allow":["GET"]}}],"collection":[{"href":"https:\/\/amicalecd47.fr\/index.php\/wp-json\/wp\/v2\/pages"}],"about":[{"href":"https:\/\/amicalecd47.fr\/index.php\/wp-json\/wp\/v2\/types\/page"}],"author":[{"embeddable":true,"href":"https:\/\/amicalecd47.fr\/index.php\/wp-json\/wp\/v2\/users\/1"}],"replies":[{"embeddable":true,"href":"https:\/\/amicalecd47.fr\/index.php\/wp-json\/wp\/v2\/comments?post=7631"}],"version-history":[{"count":3,"href":"https:\/\/amicalecd47.fr\/index.php\/wp-json\/wp\/v2\/pages\/7631\/revisions"}],"predecessor-version":[{"id":9021,"href":"https:\/\/amicalecd47.fr\/index.php\/wp-json\/wp\/v2\/pages\/7631\/revisions\/9021"}],"wp:featuredmedia":[{"embeddable":true,"href":"https:\/\/amicalecd47.fr\/index.php\/wp-json\/wp\/v2\/media\/7117"}],"wp:attachment":[{"href":"https:\/\/amicalecd47.fr\/index.php\/wp-json\/wp\/v2\/media?parent=7631"}],"curies":[{"name":"wp","href":"https:\/\/api.w.org\/{rel}","templated":true}]}}