{"id":2608,"date":"2020-11-30T17:42:15","date_gmt":"2020-11-30T16:42:15","guid":{"rendered":"https:\/\/amicalecd47.fr\/?page_id=2608"},"modified":"2024-03-10T12:27:28","modified_gmt":"2024-03-10T11:27:28","slug":"les-evenements","status":"publish","type":"page","link":"https:\/\/amicalecd47.fr\/index.php\/les-evenements\/","title":{"rendered":"Les \u00e9v\u00e8nements"},"content":{"rendered":"\t\t<div data-elementor-type=\"wp-page\" data-elementor-id=\"2608\" class=\"elementor elementor-2608\" data-elementor-post-type=\"page\">\n\t\t\t\t\t\t<section class=\"elementor-section elementor-top-section elementor-element elementor-element-718ed84 elementor-section-boxed elementor-section-height-default elementor-section-height-default\" data-id=\"718ed84\" data-element_type=\"section\" data-e-type=\"section\">\n\t\t\t\t\t\t<div class=\"elementor-container elementor-column-gap-default\">\n\t\t\t\t\t<div class=\"elementor-column elementor-col-100 elementor-top-column elementor-element elementor-element-7b5abd7\" data-id=\"7b5abd7\" data-element_type=\"column\" data-e-type=\"column\">\n\t\t\t<div class=\"elementor-widget-wrap elementor-element-populated\">\n\t\t\t\t\t\t<div class=\"elementor-element elementor-element-2879682 elementor-widget elementor-widget-heading\" data-id=\"2879682\" data-element_type=\"widget\" data-e-type=\"widget\" data-widget_type=\"heading.default\">\n\t\t\t\t<div class=\"elementor-widget-container\">\n\t\t\t\t\t<h1 class=\"elementor-heading-title elementor-size-default\">Les \u00e9v\u00e8nements<\/h1>\t\t\t\t<\/div>\n\t\t\t\t<\/div>\n\t\t\t\t<div class=\"elementor-element elementor-element-939a9c0 elementor-widget elementor-widget-spacer\" data-id=\"939a9c0\" data-element_type=\"widget\" data-e-type=\"widget\" data-widget_type=\"spacer.default\">\n\t\t\t\t<div class=\"elementor-widget-container\">\n\t\t\t\t\t\t\t<div class=\"elementor-spacer\">\n\t\t\t<div class=\"elementor-spacer-inner\"><\/div>\n\t\t<\/div>\n\t\t\t\t\t\t<\/div>\n\t\t\t\t<\/div>\n\t\t\t\t\t<\/div>\n\t\t<\/div>\n\t\t\t\t\t<\/div>\n\t\t<\/section>\n\t\t\t\t<section class=\"elementor-section elementor-top-section elementor-element elementor-element-b284fe2 elementor-section-boxed elementor-section-height-default elementor-section-height-default\" data-id=\"b284fe2\" data-element_type=\"section\" data-e-type=\"section\">\n\t\t\t\t\t\t<div class=\"elementor-container elementor-column-gap-default\">\n\t\t\t\t\t<div class=\"elementor-column elementor-col-100 elementor-top-column elementor-element elementor-element-7033e52\" data-id=\"7033e52\" data-element_type=\"column\" data-e-type=\"column\">\n\t\t\t<div class=\"elementor-widget-wrap elementor-element-populated\">\n\t\t\t\t\t\t<div class=\"elementor-element elementor-element-06503da elementor-widget elementor-widget-text-editor\" data-id=\"06503da\" data-element_type=\"widget\" data-e-type=\"widget\" data-widget_type=\"text-editor.default\">\n\t\t\t\t<div class=\"elementor-widget-container\">\n\t\t\t\t\t\t\t\t\t<p>L&#8217;amicale permet \u00e0 ses membres de participer \u00e0 de nombreux \u00e9v\u00e8nements culturels ou sportifs organis\u00e9s dans le d\u00e9partement ou au del\u00e0. Festivals, comp\u00e9titions sportives sont accessibles \u00e0 tarifs pr\u00e9f\u00e9rentiels.<\/p>\t\t\t\t\t\t\t\t<\/div>\n\t\t\t\t<\/div>\n\t\t\t\t<div class=\"elementor-element elementor-element-58b9f2f elementor-widget-divider--separator-type-pattern elementor-widget-divider--no-spacing elementor-widget-divider--view-line elementor-widget elementor-widget-divider\" data-id=\"58b9f2f\" data-element_type=\"widget\" data-e-type=\"widget\" data-widget_type=\"divider.default\">\n\t\t\t\t<div class=\"elementor-widget-container\">\n\t\t\t\t\t\t\t<div class=\"elementor-divider\" style=\"--divider-pattern-url: url(&quot;data:image\/svg+xml,%3Csvg xmlns=&#039;http:\/\/www.w3.org\/2000\/svg&#039; preserveAspectRatio=&#039;none&#039; overflow=&#039;visible&#039; height=&#039;100%&#039; viewBox=&#039;0 0 24 24&#039; fill=&#039;black&#039; stroke=&#039;none&#039;%3E%3Cpath d=&#039;M24,8v12H0V8H24z M24,4v1H0V4H24z&#039;\/%3E%3C\/svg%3E&quot;);\">\n\t\t\t<span class=\"elementor-divider-separator\">\n\t\t\t\t\t\t<\/span>\n\t\t<\/div>\n\t\t\t\t\t\t<\/div>\n\t\t\t\t<\/div>\n\t\t\t\t<div class=\"elementor-element elementor-element-6311e33 elementor-widget elementor-widget-heading\" data-id=\"6311e33\" data-element_type=\"widget\" data-e-type=\"widget\" data-widget_type=\"heading.default\">\n\t\t\t\t<div class=\"elementor-widget-container\">\n\t\t\t\t\t<h1 class=\"elementor-heading-title elementor-size-default\">Actualit\u00e9s des \u00e9v\u00e8nements<\/h1>\t\t\t\t<\/div>\n\t\t\t\t<\/div>\n\t\t\t\t<div class=\"elementor-element elementor-element-273275a elementor-widget elementor-widget-spacer\" data-id=\"273275a\" data-element_type=\"widget\" data-e-type=\"widget\" data-widget_type=\"spacer.default\">\n\t\t\t\t<div class=\"elementor-widget-container\">\n\t\t\t\t\t\t\t<div class=\"elementor-spacer\">\n\t\t\t<div class=\"elementor-spacer-inner\"><\/div>\n\t\t<\/div>\n\t\t\t\t\t\t<\/div>\n\t\t\t\t<\/div>\n\t\t\t\t<div class=\"elementor-element elementor-element-a0402c9 elementor-grid-2 elementor-grid-tablet-2 elementor-grid-mobile-1 elementor-widget elementor-widget-portfolio\" data-id=\"a0402c9\" data-element_type=\"widget\" data-e-type=\"widget\" data-settings=\"{&quot;columns&quot;:&quot;2&quot;,&quot;row_gap&quot;:{&quot;unit&quot;:&quot;px&quot;,&quot;size&quot;:0,&quot;sizes&quot;:[]},&quot;columns_tablet&quot;:&quot;2&quot;,&quot;columns_mobile&quot;:&quot;1&quot;,&quot;item_ratio&quot;:{&quot;unit&quot;:&quot;px&quot;,&quot;size&quot;:0.66,&quot;sizes&quot;:[]},&quot;item_gap&quot;:{&quot;unit&quot;:&quot;px&quot;,&quot;size&quot;:&quot;&quot;,&quot;sizes&quot;:[]}}\" data-widget_type=\"portfolio.default\">\n\t\t\t\t<div class=\"elementor-widget-container\">\n\t\t\t\t\t\t\t<div class=\"elementor-portfolio elementor-grid elementor-posts-container\" role=\"list\">\n\t\t\t\t<article class=\"elementor-portfolio-item elementor-post elementor-filter-60 elementor-filter-61 elementor-filter-53 post-9277 post type-post status-publish format-standard has-post-thumbnail hentry category-billetterie category-culture category-evenements\" role=\"listitem\">\n\t\t\t<a class=\"elementor-post__thumbnail__link\" href=\"https:\/\/amicalecd47.fr\/index.php\/2026\/03\/27\/garorock-2026\/\">\n\t\t\t\t<div class=\"elementor-portfolio-item__img elementor-post__thumbnail\">\n\t\t\t<img decoding=\"async\" width=\"300\" height=\"132\" src=\"https:\/\/amicalecd47.fr\/wp-content\/uploads\/2026\/03\/Garorock-2026-300x132.png\" class=\"attachment-medium size-medium wp-image-9278\" alt=\"\" srcset=\"https:\/\/amicalecd47.fr\/wp-content\/uploads\/2026\/03\/Garorock-2026-300x132.png 300w, https:\/\/amicalecd47.fr\/wp-content\/uploads\/2026\/03\/Garorock-2026-1024x450.png 1024w, https:\/\/amicalecd47.fr\/wp-content\/uploads\/2026\/03\/Garorock-2026-768x337.png 768w, https:\/\/amicalecd47.fr\/wp-content\/uploads\/2026\/03\/Garorock-2026-1536x674.png 1536w, https:\/\/amicalecd47.fr\/wp-content\/uploads\/2026\/03\/Garorock-2026-370x162.png 370w, https:\/\/amicalecd47.fr\/wp-content\/uploads\/2026\/03\/Garorock-2026-270x119.png 270w, https:\/\/amicalecd47.fr\/wp-content\/uploads\/2026\/03\/Garorock-2026-570x250.png 570w, https:\/\/amicalecd47.fr\/wp-content\/uploads\/2026\/03\/Garorock-2026-740x325.png 740w, https:\/\/amicalecd47.fr\/wp-content\/uploads\/2026\/03\/Garorock-2026-1320x580.png 1320w, https:\/\/amicalecd47.fr\/wp-content\/uploads\/2026\/03\/Garorock-2026.png 1640w\" sizes=\"(max-width: 300px) 100vw, 300px\" \/>\t\t<\/div>\n\t\t\t\t<div class=\"elementor-portfolio-item__overlay\">\n\t\t\t\t<h3 class=\"elementor-portfolio-item__title\">\n\t\tGarorock 2026\t\t<\/h3>\n\t\t\t\t<\/div>\n\t\t\t\t<\/a>\n\t\t<\/article>\n\t\t\t\t<\/div>\n\t\t\t\t\t\t<\/div>\n\t\t\t\t<\/div>\n\t\t\t\t\t<\/div>\n\t\t<\/div>\n\t\t\t\t\t<\/div>\n\t\t<\/section>\n\t\t\t\t<\/div>\n\t\t","protected":false},"excerpt":{"rendered":"<p>Les \u00e9v\u00e8nements L&#8217;amicale permet \u00e0 ses membres de participer \u00e0 de nombreux \u00e9v\u00e8nements culturels ou sportifs organis\u00e9s dans le d\u00e9partement ou au del\u00e0. Festivals, comp\u00e9titions sportives sont accessibles \u00e0 tarifs pr\u00e9f\u00e9rentiels. Actualit\u00e9s des \u00e9v\u00e8nements<\/p>\n","protected":false},"author":1,"featured_media":5698,"parent":0,"menu_order":0,"comment_status":"closed","ping_status":"closed","template":"","meta":{"footnotes":""},"class_list":["post-2608","page","type-page","status-publish","has-post-thumbnail","hentry"],"_links":{"self":[{"href":"https:\/\/amicalecd47.fr\/index.php\/wp-json\/wp\/v2\/pages\/2608","targetHints":{"allow":["GET"]}}],"collection":[{"href":"https:\/\/amicalecd47.fr\/index.php\/wp-json\/wp\/v2\/pages"}],"about":[{"href":"https:\/\/amicalecd47.fr\/index.php\/wp-json\/wp\/v2\/types\/page"}],"author":[{"embeddable":true,"href":"https:\/\/amicalecd47.fr\/index.php\/wp-json\/wp\/v2\/users\/1"}],"replies":[{"embeddable":true,"href":"https:\/\/amicalecd47.fr\/index.php\/wp-json\/wp\/v2\/comments?post=2608"}],"version-history":[{"count":0,"href":"https:\/\/amicalecd47.fr\/index.php\/wp-json\/wp\/v2\/pages\/2608\/revisions"}],"wp:featuredmedia":[{"embeddable":true,"href":"https:\/\/amicalecd47.fr\/index.php\/wp-json\/wp\/v2\/media\/5698"}],"wp:attachment":[{"href":"https:\/\/amicalecd47.fr\/index.php\/wp-json\/wp\/v2\/media?parent=2608"}],"curies":[{"name":"wp","href":"https:\/\/api.w.org\/{rel}","templated":true}]}}