{"id":1622,"date":"2020-03-25T16:54:41","date_gmt":"2020-03-25T15:54:41","guid":{"rendered":"https:\/\/amicalecd47.fr\/?page_id=1622"},"modified":"2025-07-23T09:12:57","modified_gmt":"2025-07-23T07:12:57","slug":"le-conseil-dadministration","status":"publish","type":"page","link":"https:\/\/amicalecd47.fr\/index.php\/le-conseil-dadministration\/","title":{"rendered":"L&#8217;\u00e9quipe de l&#8217;amicale"},"content":{"rendered":"\t\t<div data-elementor-type=\"wp-page\" data-elementor-id=\"1622\" class=\"elementor elementor-1622\" data-elementor-post-type=\"page\">\n\t\t\t\t\t\t<section class=\"elementor-section elementor-top-section elementor-element elementor-element-6dd16e3 elementor-section-boxed elementor-section-height-default elementor-section-height-default\" data-id=\"6dd16e3\" data-element_type=\"section\" data-e-type=\"section\">\n\t\t\t\t\t\t<div class=\"elementor-container elementor-column-gap-default\">\n\t\t\t\t\t<div class=\"elementor-column elementor-col-100 elementor-top-column elementor-element elementor-element-34ab139\" data-id=\"34ab139\" data-element_type=\"column\" data-e-type=\"column\">\n\t\t\t<div class=\"elementor-widget-wrap elementor-element-populated\">\n\t\t\t\t\t\t<div class=\"elementor-element elementor-element-9df8ff6 elementor-widget elementor-widget-heading\" data-id=\"9df8ff6\" data-element_type=\"widget\" data-e-type=\"widget\" data-widget_type=\"heading.default\">\n\t\t\t\t<div class=\"elementor-widget-container\">\n\t\t\t\t\t<h1 class=\"elementor-heading-title elementor-size-large\">L'\u00e9quipe de l'Amicale<\/h1>\t\t\t\t<\/div>\n\t\t\t\t<\/div>\n\t\t\t\t<div class=\"elementor-element elementor-element-c6f2db3 elementor-widget elementor-widget-heading\" data-id=\"c6f2db3\" data-element_type=\"widget\" data-e-type=\"widget\" data-widget_type=\"heading.default\">\n\t\t\t\t<div class=\"elementor-widget-container\">\n\t\t\t\t\t<h2 class=\"elementor-heading-title elementor-size-default\">Le Conseil d'administration 2025<\/h2>\t\t\t\t<\/div>\n\t\t\t\t<\/div>\n\t\t\t\t<div class=\"elementor-element elementor-element-931ca6d elementor-widget elementor-widget-text-editor\" data-id=\"931ca6d\" data-element_type=\"widget\" data-e-type=\"widget\" data-widget_type=\"text-editor.default\">\n\t\t\t\t<div class=\"elementor-widget-container\">\n\t\t\t\t\t\t\t\t\t<h5><span style=\"color: #b71177;\">Brigitte BASCOULERGUE\u00a0 &#8211; C\u00e9line BATLLO &#8211; Christophe D&#8217;HENRY &#8211; Lise DURON &#8211;\u00a0 S\u00e9bastien GARCIA &#8211; Myriam GARBINO &#8211; Ana\u00efs GASTON &#8211; Mireille GRAS &#8211; Myriam LABOUYRIE &#8211;\u00a0 Jonathan MATIME &#8211; J\u00e9r\u00f4me MILLET &#8211; Nadine MONRREJEAU &#8211; Beno\u00eet OLIVI\u00c9 &#8211;\u00a0 C\u00e9cile SEGHAIRIA &#8211; Bruno SERVENTI &#8211; Nadia STIEVET &#8211; Philippe TRAN &#8211; Fr\u00e9d\u00e9ric VINCENT<\/span><\/h5>\t\t\t\t\t\t\t\t<\/div>\n\t\t\t\t<\/div>\n\t\t\t\t\t<\/div>\n\t\t<\/div>\n\t\t\t\t\t<\/div>\n\t\t<\/section>\n\t\t\t\t<\/div>\n\t\t","protected":false},"excerpt":{"rendered":"<p>L&#8217;\u00e9quipe de l&#8217;Amicale Le Conseil d&#8217;administration 2025 Brigitte BASCOULERGUE\u00a0 &#8211; C\u00e9line BATLLO &#8211; Christophe D&#8217;HENRY &#8211; Lise DURON &#8211;\u00a0 S\u00e9bastien GARCIA &#8211; Myriam GARBINO &#8211; Ana\u00efs GASTON &#8211; Mireille GRAS &#8211; Myriam LABOUYRIE &#8211;\u00a0 Jonathan MATIME &#8211; J\u00e9r\u00f4me MILLET &#8211; Nadine MONRREJEAU &#8211; Beno\u00eet OLIVI\u00c9 &#8211;\u00a0 C\u00e9cile SEGHAIRIA &#8211; Bruno SERVENTI &#8211; Nadia STIEVET &#8211; [&hellip;]<\/p>\n","protected":false},"author":1,"featured_media":9024,"parent":0,"menu_order":0,"comment_status":"closed","ping_status":"closed","template":"","meta":{"footnotes":""},"class_list":["post-1622","page","type-page","status-publish","has-post-thumbnail","hentry"],"_links":{"self":[{"href":"https:\/\/amicalecd47.fr\/index.php\/wp-json\/wp\/v2\/pages\/1622","targetHints":{"allow":["GET"]}}],"collection":[{"href":"https:\/\/amicalecd47.fr\/index.php\/wp-json\/wp\/v2\/pages"}],"about":[{"href":"https:\/\/amicalecd47.fr\/index.php\/wp-json\/wp\/v2\/types\/page"}],"author":[{"embeddable":true,"href":"https:\/\/amicalecd47.fr\/index.php\/wp-json\/wp\/v2\/users\/1"}],"replies":[{"embeddable":true,"href":"https:\/\/amicalecd47.fr\/index.php\/wp-json\/wp\/v2\/comments?post=1622"}],"version-history":[{"count":3,"href":"https:\/\/amicalecd47.fr\/index.php\/wp-json\/wp\/v2\/pages\/1622\/revisions"}],"predecessor-version":[{"id":9027,"href":"https:\/\/amicalecd47.fr\/index.php\/wp-json\/wp\/v2\/pages\/1622\/revisions\/9027"}],"wp:featuredmedia":[{"embeddable":true,"href":"https:\/\/amicalecd47.fr\/index.php\/wp-json\/wp\/v2\/media\/9024"}],"wp:attachment":[{"href":"https:\/\/amicalecd47.fr\/index.php\/wp-json\/wp\/v2\/media?parent=1622"}],"curies":[{"name":"wp","href":"https:\/\/api.w.org\/{rel}","templated":true}]}}