{"id":1604,"date":"2020-03-25T16:33:02","date_gmt":"2020-03-25T15:33:02","guid":{"rendered":"https:\/\/amicalecd47.fr\/?page_id=1604"},"modified":"2025-09-02T16:49:54","modified_gmt":"2025-09-02T14:49:54","slug":"les-prises-en-charge","status":"publish","type":"page","link":"https:\/\/amicalecd47.fr\/index.php\/les-prises-en-charge\/","title":{"rendered":"La billetterie"},"content":{"rendered":"\t\t<div data-elementor-type=\"wp-page\" data-elementor-id=\"1604\" class=\"elementor elementor-1604\" data-elementor-post-type=\"page\">\n\t\t\t\t\t\t<section class=\"elementor-section elementor-top-section elementor-element elementor-element-df2067b elementor-section-boxed elementor-section-height-default elementor-section-height-default\" data-id=\"df2067b\" data-element_type=\"section\" data-e-type=\"section\">\n\t\t\t\t\t\t<div class=\"elementor-container elementor-column-gap-default\">\n\t\t\t\t\t<div class=\"elementor-column elementor-col-100 elementor-top-column elementor-element elementor-element-b5f7eed\" data-id=\"b5f7eed\" data-element_type=\"column\" data-e-type=\"column\">\n\t\t\t<div class=\"elementor-widget-wrap elementor-element-populated\">\n\t\t\t\t\t\t<div class=\"elementor-element elementor-element-1459286 elementor-widget elementor-widget-heading\" data-id=\"1459286\" data-element_type=\"widget\" data-e-type=\"widget\" data-widget_type=\"heading.default\">\n\t\t\t\t<div class=\"elementor-widget-container\">\n\t\t\t\t\t<h1 class=\"elementor-heading-title elementor-size-large\">La billetterie<\/h1>\t\t\t\t<\/div>\n\t\t\t\t<\/div>\n\t\t\t\t<div class=\"elementor-element elementor-element-db28b5d elementor-widget elementor-widget-spacer\" data-id=\"db28b5d\" data-element_type=\"widget\" data-e-type=\"widget\" data-widget_type=\"spacer.default\">\n\t\t\t\t<div class=\"elementor-widget-container\">\n\t\t\t\t\t\t\t<div class=\"elementor-spacer\">\n\t\t\t<div class=\"elementor-spacer-inner\"><\/div>\n\t\t<\/div>\n\t\t\t\t\t\t<\/div>\n\t\t\t\t<\/div>\n\t\t\t\t<div class=\"elementor-element elementor-element-2a61869 elementor-widget elementor-widget-text-editor\" data-id=\"2a61869\" data-element_type=\"widget\" data-e-type=\"widget\" data-widget_type=\"text-editor.default\">\n\t\t\t\t<div class=\"elementor-widget-container\">\n\t\t\t\t\t\t\t\t\t<p>L&#8217;Amicale propose des tarifs avantageux pour acc\u00e9der \u00e0 de nombreux \u00e9tablissements culturels ou de loisirs: cin\u00e9ma, th\u00e9\u00e2tre, piscines, parcs \u00e0 th\u00e8me.<\/p>\t\t\t\t\t\t\t\t<\/div>\n\t\t\t\t<\/div>\n\t\t\t\t<div class=\"elementor-element elementor-element-6a276d9 elementor-widget elementor-widget-spacer\" data-id=\"6a276d9\" data-element_type=\"widget\" data-e-type=\"widget\" data-widget_type=\"spacer.default\">\n\t\t\t\t<div class=\"elementor-widget-container\">\n\t\t\t\t\t\t\t<div class=\"elementor-spacer\">\n\t\t\t<div class=\"elementor-spacer-inner\"><\/div>\n\t\t<\/div>\n\t\t\t\t\t\t<\/div>\n\t\t\t\t<\/div>\n\t\t\t\t\t<\/div>\n\t\t<\/div>\n\t\t\t\t\t<\/div>\n\t\t<\/section>\n\t\t\t\t<section class=\"elementor-section elementor-top-section elementor-element elementor-element-f6979e1 elementor-section-boxed elementor-section-height-default elementor-section-height-default\" data-id=\"f6979e1\" data-element_type=\"section\" data-e-type=\"section\">\n\t\t\t\t\t\t<div class=\"elementor-container elementor-column-gap-default\">\n\t\t\t\t\t<div class=\"elementor-column elementor-col-100 elementor-top-column elementor-element elementor-element-e55fd81\" data-id=\"e55fd81\" data-element_type=\"column\" data-e-type=\"column\">\n\t\t\t<div class=\"elementor-widget-wrap elementor-element-populated\">\n\t\t\t\t\t\t<div class=\"elementor-element elementor-element-1fb353b elementor-grid-2 elementor-grid-tablet-2 elementor-grid-mobile-1 elementor-widget elementor-widget-portfolio\" data-id=\"1fb353b\" data-element_type=\"widget\" data-e-type=\"widget\" data-settings=\"{&quot;columns&quot;:&quot;2&quot;,&quot;columns_tablet&quot;:&quot;2&quot;,&quot;columns_mobile&quot;:&quot;1&quot;,&quot;item_ratio&quot;:{&quot;unit&quot;:&quot;px&quot;,&quot;size&quot;:0.66,&quot;sizes&quot;:[]},&quot;item_gap&quot;:{&quot;unit&quot;:&quot;px&quot;,&quot;size&quot;:&quot;&quot;,&quot;sizes&quot;:[]},&quot;row_gap&quot;:{&quot;unit&quot;:&quot;px&quot;,&quot;size&quot;:&quot;&quot;,&quot;sizes&quot;:[]}}\" data-widget_type=\"portfolio.default\">\n\t\t\t\t<div class=\"elementor-widget-container\">\n\t\t\t\t\t\t\t<div class=\"elementor-portfolio elementor-grid elementor-posts-container\" role=\"list\">\n\t\t\t\t<article class=\"elementor-portfolio-item elementor-post  post-9297 post type-post status-publish format-standard has-post-thumbnail hentry category-billetterie category-reductions category-vie-amicale\" role=\"listitem\">\n\t\t\t<a class=\"elementor-post__thumbnail__link\" href=\"https:\/\/amicalecd47.fr\/index.php\/2026\/04\/04\/offres-et-avantages-2026-tout-ce-quil-faut-savoir-pour-en-profiter\/\">\n\t\t\t\t<div class=\"elementor-portfolio-item__img elementor-post__thumbnail\">\n\t\t\t<img decoding=\"async\" width=\"300\" height=\"166\" src=\"https:\/\/amicalecd47.fr\/wp-content\/uploads\/2026\/03\/Actions-2026-300x166.png\" class=\"attachment-medium size-medium wp-image-9239\" alt=\"\" srcset=\"https:\/\/amicalecd47.fr\/wp-content\/uploads\/2026\/03\/Actions-2026-300x166.png 300w, https:\/\/amicalecd47.fr\/wp-content\/uploads\/2026\/03\/Actions-2026-1024x565.png 1024w, https:\/\/amicalecd47.fr\/wp-content\/uploads\/2026\/03\/Actions-2026-768x424.png 768w, https:\/\/amicalecd47.fr\/wp-content\/uploads\/2026\/03\/Actions-2026-1536x847.png 1536w, https:\/\/amicalecd47.fr\/wp-content\/uploads\/2026\/03\/Actions-2026-2048x1130.png 2048w, https:\/\/amicalecd47.fr\/wp-content\/uploads\/2026\/03\/Actions-2026-370x204.png 370w, https:\/\/amicalecd47.fr\/wp-content\/uploads\/2026\/03\/Actions-2026-270x149.png 270w, https:\/\/amicalecd47.fr\/wp-content\/uploads\/2026\/03\/Actions-2026-570x314.png 570w, https:\/\/amicalecd47.fr\/wp-content\/uploads\/2026\/03\/Actions-2026-740x408.png 740w, https:\/\/amicalecd47.fr\/wp-content\/uploads\/2026\/03\/Actions-2026-1320x728.png 1320w\" sizes=\"(max-width: 300px) 100vw, 300px\" \/>\t\t<\/div>\n\t\t\t\t<div class=\"elementor-portfolio-item__overlay\">\n\t\t\t\t<h3 class=\"elementor-portfolio-item__title\">\n\t\tOffres et avantages 2026, tout ce qu&#8217;il faut savoir pour en profiter\t\t<\/h3>\n\t\t\t\t<\/div>\n\t\t\t\t<\/a>\n\t\t<\/article>\n\t\t\t\t<article class=\"elementor-portfolio-item elementor-post  post-9277 post type-post status-publish format-standard has-post-thumbnail hentry category-billetterie category-culture category-evenements\" role=\"listitem\">\n\t\t\t<a class=\"elementor-post__thumbnail__link\" href=\"https:\/\/amicalecd47.fr\/index.php\/2026\/03\/27\/garorock-2026\/\">\n\t\t\t\t<div class=\"elementor-portfolio-item__img elementor-post__thumbnail\">\n\t\t\t<img decoding=\"async\" width=\"300\" height=\"132\" src=\"https:\/\/amicalecd47.fr\/wp-content\/uploads\/2026\/03\/Garorock-2026-300x132.png\" class=\"attachment-medium size-medium wp-image-9278\" alt=\"\" srcset=\"https:\/\/amicalecd47.fr\/wp-content\/uploads\/2026\/03\/Garorock-2026-300x132.png 300w, https:\/\/amicalecd47.fr\/wp-content\/uploads\/2026\/03\/Garorock-2026-1024x450.png 1024w, https:\/\/amicalecd47.fr\/wp-content\/uploads\/2026\/03\/Garorock-2026-768x337.png 768w, https:\/\/amicalecd47.fr\/wp-content\/uploads\/2026\/03\/Garorock-2026-1536x674.png 1536w, https:\/\/amicalecd47.fr\/wp-content\/uploads\/2026\/03\/Garorock-2026-370x162.png 370w, https:\/\/amicalecd47.fr\/wp-content\/uploads\/2026\/03\/Garorock-2026-270x119.png 270w, https:\/\/amicalecd47.fr\/wp-content\/uploads\/2026\/03\/Garorock-2026-570x250.png 570w, https:\/\/amicalecd47.fr\/wp-content\/uploads\/2026\/03\/Garorock-2026-740x325.png 740w, https:\/\/amicalecd47.fr\/wp-content\/uploads\/2026\/03\/Garorock-2026-1320x580.png 1320w, https:\/\/amicalecd47.fr\/wp-content\/uploads\/2026\/03\/Garorock-2026.png 1640w\" sizes=\"(max-width: 300px) 100vw, 300px\" \/>\t\t<\/div>\n\t\t\t\t<div class=\"elementor-portfolio-item__overlay\">\n\t\t\t\t<h3 class=\"elementor-portfolio-item__title\">\n\t\tGarorock 2026\t\t<\/h3>\n\t\t\t\t<\/div>\n\t\t\t\t<\/a>\n\t\t<\/article>\n\t\t\t\t<\/div>\n\t\t\t\t\t\t<\/div>\n\t\t\t\t<\/div>\n\t\t\t\t\t<\/div>\n\t\t<\/div>\n\t\t\t\t\t<\/div>\n\t\t<\/section>\n\t\t\t\t<\/div>\n\t\t","protected":false},"excerpt":{"rendered":"<p>La billetterie L&#8217;Amicale propose des tarifs avantageux pour acc\u00e9der \u00e0 de nombreux \u00e9tablissements culturels ou de loisirs: cin\u00e9ma, th\u00e9\u00e2tre, piscines, parcs \u00e0 th\u00e8me.<\/p>\n","protected":false},"author":1,"featured_media":5694,"parent":0,"menu_order":0,"comment_status":"closed","ping_status":"closed","template":"","meta":{"footnotes":""},"class_list":["post-1604","page","type-page","status-publish","has-post-thumbnail","hentry"],"_links":{"self":[{"href":"https:\/\/amicalecd47.fr\/index.php\/wp-json\/wp\/v2\/pages\/1604","targetHints":{"allow":["GET"]}}],"collection":[{"href":"https:\/\/amicalecd47.fr\/index.php\/wp-json\/wp\/v2\/pages"}],"about":[{"href":"https:\/\/amicalecd47.fr\/index.php\/wp-json\/wp\/v2\/types\/page"}],"author":[{"embeddable":true,"href":"https:\/\/amicalecd47.fr\/index.php\/wp-json\/wp\/v2\/users\/1"}],"replies":[{"embeddable":true,"href":"https:\/\/amicalecd47.fr\/index.php\/wp-json\/wp\/v2\/comments?post=1604"}],"version-history":[{"count":6,"href":"https:\/\/amicalecd47.fr\/index.php\/wp-json\/wp\/v2\/pages\/1604\/revisions"}],"predecessor-version":[{"id":9061,"href":"https:\/\/amicalecd47.fr\/index.php\/wp-json\/wp\/v2\/pages\/1604\/revisions\/9061"}],"wp:featuredmedia":[{"embeddable":true,"href":"https:\/\/amicalecd47.fr\/index.php\/wp-json\/wp\/v2\/media\/5694"}],"wp:attachment":[{"href":"https:\/\/amicalecd47.fr\/index.php\/wp-json\/wp\/v2\/media?parent=1604"}],"curies":[{"name":"wp","href":"https:\/\/api.w.org\/{rel}","templated":true}]}}