{"id":1598,"date":"2020-03-25T16:31:55","date_gmt":"2020-03-25T15:31:55","guid":{"rendered":"https:\/\/amicalecd47.fr\/?page_id=1598"},"modified":"2025-09-02T00:07:34","modified_gmt":"2025-09-01T22:07:34","slug":"les-locations-2","status":"publish","type":"page","link":"https:\/\/amicalecd47.fr\/index.php\/les-locations-2\/","title":{"rendered":"Les locations de vacances"},"content":{"rendered":"\t\t<div data-elementor-type=\"wp-page\" data-elementor-id=\"1598\" class=\"elementor elementor-1598\" data-elementor-post-type=\"page\">\n\t\t\t\t\t\t<section class=\"elementor-section elementor-top-section elementor-element elementor-element-5988f70 elementor-section-boxed elementor-section-height-default elementor-section-height-default\" data-id=\"5988f70\" data-element_type=\"section\" data-e-type=\"section\">\n\t\t\t\t\t\t<div class=\"elementor-container elementor-column-gap-default\">\n\t\t\t\t\t<div class=\"elementor-column elementor-col-100 elementor-top-column elementor-element elementor-element-7b0c651\" data-id=\"7b0c651\" data-element_type=\"column\" data-e-type=\"column\">\n\t\t\t<div class=\"elementor-widget-wrap elementor-element-populated\">\n\t\t\t\t\t\t<div class=\"elementor-element elementor-element-4b8ba7b elementor-widget elementor-widget-heading\" data-id=\"4b8ba7b\" data-element_type=\"widget\" data-e-type=\"widget\" data-widget_type=\"heading.default\">\n\t\t\t\t<div class=\"elementor-widget-container\">\n\t\t\t\t\t<h1 class=\"elementor-heading-title elementor-size-large\">Les locations de vacances<\/h1>\t\t\t\t<\/div>\n\t\t\t\t<\/div>\n\t\t\t\t<div class=\"elementor-element elementor-element-6883928 elementor-widget elementor-widget-spacer\" data-id=\"6883928\" data-element_type=\"widget\" data-e-type=\"widget\" data-widget_type=\"spacer.default\">\n\t\t\t\t<div class=\"elementor-widget-container\">\n\t\t\t\t\t\t\t<div class=\"elementor-spacer\">\n\t\t\t<div class=\"elementor-spacer-inner\"><\/div>\n\t\t<\/div>\n\t\t\t\t\t\t<\/div>\n\t\t\t\t<\/div>\n\t\t\t\t<div class=\"elementor-element elementor-element-aaa1627 elementor-widget elementor-widget-text-editor\" data-id=\"aaa1627\" data-element_type=\"widget\" data-e-type=\"widget\" data-widget_type=\"text-editor.default\">\n\t\t\t\t<div class=\"elementor-widget-container\">\n\t\t\t\t\t\t\t\t\t<p>L\u2019Amicale propose des r\u00e9ductions sur vos locations de s\u00e9jours de vacances chez certains op\u00e9rateurs :\u00a0<span style=\"color: #008000;\"><strong>GO\u00c9LIA, BELAMBRA, PIERRE &amp; VACANCES, MAEVA, CENTER PARCS, MONDIAPIC et N\u00c9M\u00c9A<\/strong><strong>.<\/strong><\/span><\/p><p>En compl\u00e9ment du tarif r\u00e9duit initialement par le partenaire, l\u2019Amicale accorde une r\u00e9duction suppl\u00e9mentaire calcul\u00e9e sur le prix remis\u00e9, selon les conditions suivantes :<\/p><ul><li><strong><span style=\"color: #ed0992;\">Contribution de 20%<\/span> de l\u2019Amicale\u00a0<u>uniquement sur le prix des nuit\u00e9es<\/u>\u00a0au tarif CSE dans la <span style=\"color: #ed0992;\">limite de 2 demandes de remboursement et\u00a0<\/span><\/strong><strong><span style=\"color: #ed0992;\">200 \u20ac \/ an \/ adh\u00e9rent<\/span>.<\/strong><\/li><li><strong><span style=\"color: #ed0992;\">A partir du 3 juin 2025, toute demande de remboursement se r\u00e9alise uniquement sur la <a href=\"https:\/\/amacd47.hellocse.fr\/\" target=\"_blank\" rel=\"noopener\">plateforme num\u00e9rique<\/a><\/span> via la rubrique &#8220;demande de remboursement&#8221;, accessible uniquement via navigateur (pas de demande de remboursement possible par l&#8217;appli mobile).\u00a0<\/strong><\/li><li><strong>La contribution de l\u2019Amicale est vers\u00e9e par virement bancaire apr\u00e8s validation de la demande et \u00e0 l&#8217;issue du s\u00e9jour.<\/strong><\/li><\/ul>\t\t\t\t\t\t\t\t<\/div>\n\t\t\t\t<\/div>\n\t\t\t\t\t<\/div>\n\t\t<\/div>\n\t\t\t\t\t<\/div>\n\t\t<\/section>\n\t\t\t\t<\/div>\n\t\t","protected":false},"excerpt":{"rendered":"<p>Les locations de vacances L\u2019Amicale propose des r\u00e9ductions sur vos locations de s\u00e9jours de vacances chez certains op\u00e9rateurs :\u00a0GO\u00c9LIA, BELAMBRA, PIERRE &amp; VACANCES, MAEVA, CENTER PARCS, MONDIAPIC et N\u00c9M\u00c9A. En compl\u00e9ment du tarif r\u00e9duit initialement par le partenaire, l\u2019Amicale accorde une r\u00e9duction suppl\u00e9mentaire calcul\u00e9e sur le prix remis\u00e9, selon les conditions suivantes : Contribution de [&hellip;]<\/p>\n","protected":false},"author":1,"featured_media":5700,"parent":0,"menu_order":0,"comment_status":"closed","ping_status":"closed","template":"","meta":{"footnotes":""},"class_list":["post-1598","page","type-page","status-publish","has-post-thumbnail","hentry"],"_links":{"self":[{"href":"https:\/\/amicalecd47.fr\/index.php\/wp-json\/wp\/v2\/pages\/1598","targetHints":{"allow":["GET"]}}],"collection":[{"href":"https:\/\/amicalecd47.fr\/index.php\/wp-json\/wp\/v2\/pages"}],"about":[{"href":"https:\/\/amicalecd47.fr\/index.php\/wp-json\/wp\/v2\/types\/page"}],"author":[{"embeddable":true,"href":"https:\/\/amicalecd47.fr\/index.php\/wp-json\/wp\/v2\/users\/1"}],"replies":[{"embeddable":true,"href":"https:\/\/amicalecd47.fr\/index.php\/wp-json\/wp\/v2\/comments?post=1598"}],"version-history":[{"count":47,"href":"https:\/\/amicalecd47.fr\/index.php\/wp-json\/wp\/v2\/pages\/1598\/revisions"}],"predecessor-version":[{"id":9058,"href":"https:\/\/amicalecd47.fr\/index.php\/wp-json\/wp\/v2\/pages\/1598\/revisions\/9058"}],"wp:featuredmedia":[{"embeddable":true,"href":"https:\/\/amicalecd47.fr\/index.php\/wp-json\/wp\/v2\/media\/5700"}],"wp:attachment":[{"href":"https:\/\/amicalecd47.fr\/index.php\/wp-json\/wp\/v2\/media?parent=1598"}],"curies":[{"name":"wp","href":"https:\/\/api.w.org\/{rel}","templated":true}]}}